{"id":2595,"date":"2026-02-20T11:38:20","date_gmt":"2026-02-20T10:38:20","guid":{"rendered":"https:\/\/www.ceea-vichy.fr\/?page_id=2595"},"modified":"2026-03-11T09:55:36","modified_gmt":"2026-03-11T08:55:36","slug":"programme-2026","status":"publish","type":"page","link":"https:\/\/www.ceea-vichy.fr\/index.php\/programme-2026\/","title":{"rendered":"Programme 2026"},"content":{"rendered":"\t\t<div data-elementor-type=\"wp-page\" data-elementor-id=\"2595\" class=\"elementor elementor-2595\">\n\t\t\t\t\t\t\t\t\t<section class=\"elementor-section elementor-top-section elementor-element elementor-element-8419b8c elementor-section-boxed elementor-section-height-default elementor-section-height-default\" data-id=\"8419b8c\" data-element_type=\"section\">\n\t\t\t\t\t\t<div class=\"elementor-container elementor-column-gap-default\">\n\t\t\t\t\t<div class=\"elementor-column elementor-col-100 elementor-top-column elementor-element elementor-element-e30031d\" data-id=\"e30031d\" data-element_type=\"column\">\n\t\t\t<div class=\"elementor-widget-wrap elementor-element-populated\">\n\t\t\t\t\t\t\t\t<div class=\"elementor-element elementor-element-42e7e65 elementor-widget elementor-widget-image\" data-id=\"42e7e65\" data-element_type=\"widget\" data-widget_type=\"image.default\">\n\t\t\t\t<div class=\"elementor-widget-container\">\n\t\t\t<style>\/*! elementor - v3.11.1 - 15-02-2023 *\/\n.elementor-widget-image{text-align:center}.elementor-widget-image a{display:inline-block}.elementor-widget-image a img[src$=\".svg\"]{width:48px}.elementor-widget-image img{vertical-align:middle;display:inline-block}<\/style>\t\t\t\t\t\t\t\t\t\t\t\t<img loading=\"lazy\" decoding=\"async\" width=\"1024\" height=\"333\" src=\"https:\/\/www.ceea-vichy.fr\/wp-content\/uploads\/2026\/03\/bandeau3-1024x333.png\" class=\"attachment-large size-large wp-image-2702\" alt=\"\" srcset=\"https:\/\/www.ceea-vichy.fr\/wp-content\/uploads\/2026\/03\/bandeau3-1024x333.png 1024w, https:\/\/www.ceea-vichy.fr\/wp-content\/uploads\/2026\/03\/bandeau3-300x97.png 300w, https:\/\/www.ceea-vichy.fr\/wp-content\/uploads\/2026\/03\/bandeau3-768x249.png 768w, https:\/\/www.ceea-vichy.fr\/wp-content\/uploads\/2026\/03\/bandeau3.png 1164w\" sizes=\"auto, (max-width: 1024px) 100vw, 1024px\" \/>\t\t\t\t\t\t\t\t\t\t\t\t\t\t\t<\/div>\n\t\t\t\t<\/div>\n\t\t\t\t<div class=\"elementor-element elementor-element-5f4ec8d elementor-widget elementor-widget-heading\" data-id=\"5f4ec8d\" data-element_type=\"widget\" data-widget_type=\"heading.default\">\n\t\t\t\t<div class=\"elementor-widget-container\">\n\t\t\t<style>\/*! elementor - v3.11.1 - 15-02-2023 *\/\n.elementor-heading-title{padding:0;margin:0;line-height:1}.elementor-widget-heading .elementor-heading-title[class*=elementor-size-]>a{color:inherit;font-size:inherit;line-height:inherit}.elementor-widget-heading .elementor-heading-title.elementor-size-small{font-size:15px}.elementor-widget-heading .elementor-heading-title.elementor-size-medium{font-size:19px}.elementor-widget-heading .elementor-heading-title.elementor-size-large{font-size:29px}.elementor-widget-heading .elementor-heading-title.elementor-size-xl{font-size:39px}.elementor-widget-heading .elementor-heading-title.elementor-size-xxl{font-size:59px}<\/style><h2 class=\"elementor-heading-title elementor-size-default\">Pr\u00e9-programme<\/h2>\t\t<\/div>\n\t\t\t\t<\/div>\n\t\t\t\t<div class=\"elementor-element elementor-element-fd9c194 elementor-align-center elementor-widget elementor-widget-button\" data-id=\"fd9c194\" data-element_type=\"widget\" data-widget_type=\"button.default\">\n\t\t\t\t<div class=\"elementor-widget-container\">\n\t\t\t\t\t<div class=\"elementor-button-wrapper\">\n\t\t\t<a href=\"https:\/\/booking.agence-mo.com\/anest26\" class=\"elementor-button-link elementor-button elementor-size-sm\" role=\"button\">\n\t\t\t\t\t\t<span class=\"elementor-button-content-wrapper\">\n\t\t\t\t\t\t<span class=\"elementor-button-text\">Insciptions ouvertes<\/span>\n\t\t<\/span>\n\t\t\t\t\t<\/a>\n\t\t<\/div>\n\t\t\t\t<\/div>\n\t\t\t\t<\/div>\n\t\t\t\t\t<\/div>\n\t\t<\/div>\n\t\t\t\t\t\t\t<\/div>\n\t\t<\/section>\n\t\t\t\t<section class=\"elementor-section elementor-top-section elementor-element elementor-element-210f9ce elementor-section-boxed elementor-section-height-default elementor-section-height-default\" data-id=\"210f9ce\" data-element_type=\"section\">\n\t\t\t\t\t\t<div class=\"elementor-container elementor-column-gap-default\">\n\t\t\t\t\t<div class=\"elementor-column elementor-col-50 elementor-top-column elementor-element elementor-element-02b1a2a\" data-id=\"02b1a2a\" data-element_type=\"column\">\n\t\t\t<div class=\"elementor-widget-wrap elementor-element-populated\">\n\t\t\t\t\t\t\t\t<div class=\"elementor-element elementor-element-f3afb87 elementor-widget-divider--view-line elementor-widget elementor-widget-divider\" data-id=\"f3afb87\" data-element_type=\"widget\" data-widget_type=\"divider.default\">\n\t\t\t\t<div class=\"elementor-widget-container\">\n\t\t\t<style>\/*! elementor - v3.11.1 - 15-02-2023 *\/\n.elementor-widget-divider{--divider-border-style:none;--divider-border-width:1px;--divider-color:#2c2c2c;--divider-icon-size:20px;--divider-element-spacing:10px;--divider-pattern-height:24px;--divider-pattern-size:20px;--divider-pattern-url:none;--divider-pattern-repeat:repeat-x}.elementor-widget-divider .elementor-divider{display:flex}.elementor-widget-divider .elementor-divider__text{font-size:15px;line-height:1;max-width:95%}.elementor-widget-divider .elementor-divider__element{margin:0 var(--divider-element-spacing);flex-shrink:0}.elementor-widget-divider .elementor-icon{font-size:var(--divider-icon-size)}.elementor-widget-divider .elementor-divider-separator{display:flex;margin:0;direction:ltr}.elementor-widget-divider--view-line_icon .elementor-divider-separator,.elementor-widget-divider--view-line_text .elementor-divider-separator{align-items:center}.elementor-widget-divider--view-line_icon .elementor-divider-separator:after,.elementor-widget-divider--view-line_icon .elementor-divider-separator:before,.elementor-widget-divider--view-line_text .elementor-divider-separator:after,.elementor-widget-divider--view-line_text .elementor-divider-separator:before{display:block;content:\"\";border-bottom:0;flex-grow:1;border-top:var(--divider-border-width) var(--divider-border-style) var(--divider-color)}.elementor-widget-divider--element-align-left .elementor-divider .elementor-divider-separator>.elementor-divider__svg:first-of-type{flex-grow:0;flex-shrink:100}.elementor-widget-divider--element-align-left .elementor-divider-separator:before{content:none}.elementor-widget-divider--element-align-left .elementor-divider__element{margin-left:0}.elementor-widget-divider--element-align-right .elementor-divider .elementor-divider-separator>.elementor-divider__svg:last-of-type{flex-grow:0;flex-shrink:100}.elementor-widget-divider--element-align-right .elementor-divider-separator:after{content:none}.elementor-widget-divider--element-align-right .elementor-divider__element{margin-right:0}.elementor-widget-divider:not(.elementor-widget-divider--view-line_text):not(.elementor-widget-divider--view-line_icon) .elementor-divider-separator{border-top:var(--divider-border-width) var(--divider-border-style) var(--divider-color)}.elementor-widget-divider--separator-type-pattern{--divider-border-style:none}.elementor-widget-divider--separator-type-pattern.elementor-widget-divider--view-line .elementor-divider-separator,.elementor-widget-divider--separator-type-pattern:not(.elementor-widget-divider--view-line) .elementor-divider-separator:after,.elementor-widget-divider--separator-type-pattern:not(.elementor-widget-divider--view-line) .elementor-divider-separator:before,.elementor-widget-divider--separator-type-pattern:not([class*=elementor-widget-divider--view]) .elementor-divider-separator{width:100%;min-height:var(--divider-pattern-height);-webkit-mask-size:var(--divider-pattern-size) 100%;mask-size:var(--divider-pattern-size) 100%;-webkit-mask-repeat:var(--divider-pattern-repeat);mask-repeat:var(--divider-pattern-repeat);background-color:var(--divider-color);-webkit-mask-image:var(--divider-pattern-url);mask-image:var(--divider-pattern-url)}.elementor-widget-divider--no-spacing{--divider-pattern-size:auto}.elementor-widget-divider--bg-round{--divider-pattern-repeat:round}.rtl .elementor-widget-divider .elementor-divider__text{direction:rtl}.e-con-inner>.elementor-widget-divider,.e-con>.elementor-widget-divider{width:var(--container-widget-width,100%);--flex-grow:var(--container-widget-flex-grow)}<\/style>\t\t<div class=\"elementor-divider\">\n\t\t\t<span class=\"elementor-divider-separator\">\n\t\t\t\t\t\t<\/span>\n\t\t<\/div>\n\t\t\t\t<\/div>\n\t\t\t\t<\/div>\n\t\t\t\t<div class=\"elementor-element elementor-element-ace12ab elementor-widget elementor-widget-heading\" data-id=\"ace12ab\" data-element_type=\"widget\" data-widget_type=\"heading.default\">\n\t\t\t\t<div class=\"elementor-widget-container\">\n\t\t\t<h2 class=\"elementor-heading-title elementor-size-default\">Obst\u00e9trique<\/h2>\t\t<\/div>\n\t\t\t\t<\/div>\n\t\t\t\t<div class=\"elementor-element elementor-element-fe298aa elementor-widget-divider--view-line elementor-widget elementor-widget-divider\" data-id=\"fe298aa\" data-element_type=\"widget\" data-widget_type=\"divider.default\">\n\t\t\t\t<div class=\"elementor-widget-container\">\n\t\t\t\t\t<div class=\"elementor-divider\">\n\t\t\t<span class=\"elementor-divider-separator\">\n\t\t\t\t\t\t<\/span>\n\t\t<\/div>\n\t\t\t\t<\/div>\n\t\t\t\t<\/div>\n\t\t\t\t<div class=\"elementor-element elementor-element-03a8ac9 elementor-widget elementor-widget-text-editor\" data-id=\"03a8ac9\" data-element_type=\"widget\" data-widget_type=\"text-editor.default\">\n\t\t\t\t<div class=\"elementor-widget-container\">\n\t\t\t<style>\/*! elementor - v3.11.1 - 15-02-2023 *\/\n.elementor-widget-text-editor.elementor-drop-cap-view-stacked .elementor-drop-cap{background-color:#818a91;color:#fff}.elementor-widget-text-editor.elementor-drop-cap-view-framed .elementor-drop-cap{color:#818a91;border:3px solid;background-color:transparent}.elementor-widget-text-editor:not(.elementor-drop-cap-view-default) .elementor-drop-cap{margin-top:8px}.elementor-widget-text-editor:not(.elementor-drop-cap-view-default) .elementor-drop-cap-letter{width:1em;height:1em}.elementor-widget-text-editor .elementor-drop-cap{float:left;text-align:center;line-height:1;font-size:50px}.elementor-widget-text-editor .elementor-drop-cap-letter{display:inline-block}<\/style>\t\t\t\t<p>1) Embolie amniotique.\u00a0<strong>Lionel Bouvet,\u00a0Lyon<br \/><br \/><\/strong>2)\u00a0H\u00e9morragie du post partum.\u00a0 <strong>Martine Bonnin,\u00a0 Clermont Ferrand<br \/><br \/><\/strong>3) Pr\u00e9\u00e9clampsie s\u00e9v\u00e8re.\u00a0 <strong>Marie\u00a0Pierre Bonnet, Paris\u00a0<br \/><br \/><\/strong>4)\u00a0Ob\u00e9sit\u00e9 &amp; grossesse. <strong>Martine Bonnin,\u00a0Clermont Ferrand<br \/><br \/><\/strong>5) P\u00e9ridurale imparfaite \/ Comment optimiser l\u2019analg\u00e9sie p\u00e9ridurale en 2026 ? \u00a0<strong>Hawa\u00a0 Keita, Paris<br \/><br \/><\/strong>6) Gestion des br\u00e8ches durem\u00e9riennes.\u00a0<strong>Pascal Martin, Saint-Etienne<\/strong><\/p><p>7) AG pour c\u00e9sarienne. <strong>Lionel Bouvet, Lyon<br \/><br \/><\/strong>8) D\u00e9pression du post partum\u00a0: \u00a0implication de l&rsquo;anesth\u00e9siste.\u00a0\u00a0<strong>Marie\u00a0Pierre Bonnet, Paris\u00a0<\/strong><\/p>\t\t\t\t\t\t<\/div>\n\t\t\t\t<\/div>\n\t\t\t\t\t<\/div>\n\t\t<\/div>\n\t\t\t\t<div class=\"elementor-column elementor-col-50 elementor-top-column elementor-element elementor-element-5c7e4db\" data-id=\"5c7e4db\" data-element_type=\"column\">\n\t\t\t<div class=\"elementor-widget-wrap elementor-element-populated\">\n\t\t\t\t\t\t\t\t<div class=\"elementor-element elementor-element-e1abe32 elementor-widget-divider--view-line elementor-widget elementor-widget-divider\" data-id=\"e1abe32\" data-element_type=\"widget\" data-widget_type=\"divider.default\">\n\t\t\t\t<div class=\"elementor-widget-container\">\n\t\t\t\t\t<div class=\"elementor-divider\">\n\t\t\t<span class=\"elementor-divider-separator\">\n\t\t\t\t\t\t<\/span>\n\t\t<\/div>\n\t\t\t\t<\/div>\n\t\t\t\t<\/div>\n\t\t\t\t<div class=\"elementor-element elementor-element-4d1db41 elementor-widget elementor-widget-heading\" data-id=\"4d1db41\" data-element_type=\"widget\" data-widget_type=\"heading.default\">\n\t\t\t\t<div class=\"elementor-widget-container\">\n\t\t\t<h2 class=\"elementor-heading-title elementor-size-default\">P\u00e9diatrie<\/h2>\t\t<\/div>\n\t\t\t\t<\/div>\n\t\t\t\t<div class=\"elementor-element elementor-element-0a1828d elementor-widget-divider--view-line elementor-widget elementor-widget-divider\" data-id=\"0a1828d\" data-element_type=\"widget\" data-widget_type=\"divider.default\">\n\t\t\t\t<div class=\"elementor-widget-container\">\n\t\t\t\t\t<div class=\"elementor-divider\">\n\t\t\t<span class=\"elementor-divider-separator\">\n\t\t\t\t\t\t<\/span>\n\t\t<\/div>\n\t\t\t\t<\/div>\n\t\t\t\t<\/div>\n\t\t\t\t<div class=\"elementor-element elementor-element-cbf684d elementor-widget elementor-widget-text-editor\" data-id=\"cbf684d\" data-element_type=\"widget\" data-widget_type=\"text-editor.default\">\n\t\t\t\t<div class=\"elementor-widget-container\">\n\t\t\t\t\t\t\t<div id=\"divtagdefaultwrapper\" dir=\"ltr\">1) Induction en anesth\u00e9sie p\u00e9diatrique.\u00a0 \u00a0 <strong>Eloise Cercueil, Lyon<br \/><\/strong><br \/>2) PEC des urgences (cas cliniques amygdalectomie, peritonite, fractures membre sup)\u00a0\u00a0 <strong>Jean Philippe Salaun , Caen\u00a0\u00a0<br \/><\/strong><br \/>3) Gestion des voies a\u00e9riennes de l&rsquo;enfant (dont enfant enrhum\u00e9).\u00a0 <strong>\u00a0Daphn\u00e9 Michelet, Reims<br \/><\/strong><br \/>4) Gestion de l&rsquo;hypotension au bloc de p\u00e9diatrie\u00a0\u00a0 <strong>Mathilde\u00a0 De Queiroz, Lyon<br \/><br \/><\/strong><\/div><div dir=\"ltr\">5)\u00a0Complications au r\u00e9veil\u00a0\u00a0\u00a0 <strong>Daphn\u00e9\u00a0Michelet, Reims\u00a0<br \/><br \/><\/strong><\/div><div dir=\"ltr\">6)\u00a0Douleur p\u00e9ri-op\u00e9ratoires de l&rsquo;enfant\u00a0\u00a0<strong> Jean\u00a0Noel\u00a0 Evain, Grenoble<br \/><\/strong><br \/>7)\u00a0Aspects organisationnels (Recommandations de Pratiques Professionnelles\u00a0SFAR)\u00a0 <strong>Mathilde De Queiroz, Lyon<br \/><br \/><\/strong><\/div><div dir=\"ltr\">8)\u00a0ALR\u00a0: quels blocs faut-il maitriser chez l\u2019enfant\u00a0?\u00a0 <strong>Jean\u00a0Noel\u00a0 Evain, Grenoble<\/strong><\/div>\t\t\t\t\t\t<\/div>\n\t\t\t\t<\/div>\n\t\t\t\t\t<\/div>\n\t\t<\/div>\n\t\t\t\t\t\t\t<\/div>\n\t\t<\/section>\n\t\t\t\t<section class=\"elementor-section elementor-top-section elementor-element elementor-element-d29ea99 elementor-section-boxed elementor-section-height-default elementor-section-height-default\" data-id=\"d29ea99\" data-element_type=\"section\">\n\t\t\t\t\t\t<div class=\"elementor-container elementor-column-gap-default\">\n\t\t\t\t\t<div class=\"elementor-column elementor-col-100 elementor-top-column elementor-element elementor-element-4f895b2\" data-id=\"4f895b2\" data-element_type=\"column\">\n\t\t\t<div class=\"elementor-widget-wrap elementor-element-populated\">\n\t\t\t\t\t\t\t\t<div class=\"elementor-element elementor-element-5dd5f09 elementor-widget-divider--view-line elementor-widget elementor-widget-divider\" data-id=\"5dd5f09\" data-element_type=\"widget\" data-widget_type=\"divider.default\">\n\t\t\t\t<div class=\"elementor-widget-container\">\n\t\t\t\t\t<div class=\"elementor-divider\">\n\t\t\t<span class=\"elementor-divider-separator\">\n\t\t\t\t\t\t<\/span>\n\t\t<\/div>\n\t\t\t\t<\/div>\n\t\t\t\t<\/div>\n\t\t\t\t<div class=\"elementor-element elementor-element-eee23ed elementor-widget elementor-widget-heading\" data-id=\"eee23ed\" data-element_type=\"widget\" data-widget_type=\"heading.default\">\n\t\t\t\t<div class=\"elementor-widget-container\">\n\t\t\t<h2 class=\"elementor-heading-title elementor-size-default\">Ateliers<\/h2>\t\t<\/div>\n\t\t\t\t<\/div>\n\t\t\t\t<div class=\"elementor-element elementor-element-6e381f8 elementor-widget-divider--view-line elementor-widget elementor-widget-divider\" data-id=\"6e381f8\" data-element_type=\"widget\" data-widget_type=\"divider.default\">\n\t\t\t\t<div class=\"elementor-widget-container\">\n\t\t\t\t\t<div class=\"elementor-divider\">\n\t\t\t<span class=\"elementor-divider-separator\">\n\t\t\t\t\t\t<\/span>\n\t\t<\/div>\n\t\t\t\t<\/div>\n\t\t\t\t<\/div>\n\t\t\t\t<div class=\"elementor-element elementor-element-f1990ff elementor-widget elementor-widget-text-editor\" data-id=\"f1990ff\" data-element_type=\"widget\" data-widget_type=\"text-editor.default\">\n\t\t\t\t<div class=\"elementor-widget-container\">\n\t\t\t\t\t\t\t<p>Ateliers anesth\u00e9sie p\u00e9diatrique: simulation + cas cliniques :\u00a0 <br \/><strong>Eloise Cercueil( Lyon), \u00a0Daphn\u00e9 Michelet (Reims), <span id=\"ms-rterangepaste-start\"><\/span>Julien Moysan (Clermont-Ferrand),\u00a0\u00a0Charline Tourel (Saint- Etienne)<\/strong><\/p>\t\t\t\t\t\t<\/div>\n\t\t\t\t<\/div>\n\t\t\t\t<div class=\"elementor-element elementor-element-5fce3fa elementor-widget elementor-widget-spacer\" data-id=\"5fce3fa\" data-element_type=\"widget\" data-widget_type=\"spacer.default\">\n\t\t\t\t<div class=\"elementor-widget-container\">\n\t\t\t<style>\/*! elementor - v3.11.1 - 15-02-2023 *\/\n.elementor-column .elementor-spacer-inner{height:var(--spacer-size)}.e-con{--container-widget-width:100%}.e-con-inner>.elementor-widget-spacer,.e-con>.elementor-widget-spacer{width:var(--container-widget-width,var(--spacer-size));--align-self:var(--container-widget-align-self,initial);--flex-shrink:0}.e-con-inner>.elementor-widget-spacer>.elementor-widget-container,.e-con-inner>.elementor-widget-spacer>.elementor-widget-container>.elementor-spacer,.e-con>.elementor-widget-spacer>.elementor-widget-container,.e-con>.elementor-widget-spacer>.elementor-widget-container>.elementor-spacer{height:100%}.e-con-inner>.elementor-widget-spacer>.elementor-widget-container>.elementor-spacer>.elementor-spacer-inner,.e-con>.elementor-widget-spacer>.elementor-widget-container>.elementor-spacer>.elementor-spacer-inner{height:var(--container-widget-height,var(--spacer-size))}<\/style>\t\t<div class=\"elementor-spacer\">\n\t\t\t<div class=\"elementor-spacer-inner\"><\/div>\n\t\t<\/div>\n\t\t\t\t<\/div>\n\t\t\t\t<\/div>\n\t\t\t\t\t<\/div>\n\t\t<\/div>\n\t\t\t\t\t\t\t<\/div>\n\t\t<\/section>\n\t\t\t\t\t\t\t<\/div>\n\t\t","protected":false},"excerpt":{"rendered":"<p>Pr\u00e9-programme Insciptions ouvertes Obst\u00e9trique 1) Embolie amniotique.\u00a0Lionel Bouvet,\u00a0Lyon 2)\u00a0H\u00e9morragie du post partum.\u00a0 Martine Bonnin,\u00a0 Clermont Ferrand 3) Pr\u00e9\u00e9clampsie s\u00e9v\u00e8re.\u00a0 Marie\u00a0Pierre Bonnet, Paris\u00a0 4)\u00a0Ob\u00e9sit\u00e9 &amp; grossesse. Martine Bonnin,\u00a0Clermont Ferrand 5) P\u00e9ridurale imparfaite \/ Comment optimiser l\u2019analg\u00e9sie p\u00e9ridurale en 2026 ? \u00a0Hawa\u00a0 Keita, Paris 6) Gestion des br\u00e8ches durem\u00e9riennes.\u00a0Pascal Martin, Saint-Etienne 7) AG pour c\u00e9sarienne. Lionel Bouvet, [&hellip;]<\/p>\n","protected":false},"author":1,"featured_media":0,"parent":0,"menu_order":0,"comment_status":"closed","ping_status":"closed","template":"","meta":{"footnotes":""},"class_list":["post-2595","page","type-page","status-publish","hentry","entry"],"_links":{"self":[{"href":"https:\/\/www.ceea-vichy.fr\/index.php\/wp-json\/wp\/v2\/pages\/2595","targetHints":{"allow":["GET"]}}],"collection":[{"href":"https:\/\/www.ceea-vichy.fr\/index.php\/wp-json\/wp\/v2\/pages"}],"about":[{"href":"https:\/\/www.ceea-vichy.fr\/index.php\/wp-json\/wp\/v2\/types\/page"}],"author":[{"embeddable":true,"href":"https:\/\/www.ceea-vichy.fr\/index.php\/wp-json\/wp\/v2\/users\/1"}],"replies":[{"embeddable":true,"href":"https:\/\/www.ceea-vichy.fr\/index.php\/wp-json\/wp\/v2\/comments?post=2595"}],"version-history":[{"count":85,"href":"https:\/\/www.ceea-vichy.fr\/index.php\/wp-json\/wp\/v2\/pages\/2595\/revisions"}],"predecessor-version":[{"id":2705,"href":"https:\/\/www.ceea-vichy.fr\/index.php\/wp-json\/wp\/v2\/pages\/2595\/revisions\/2705"}],"wp:attachment":[{"href":"https:\/\/www.ceea-vichy.fr\/index.php\/wp-json\/wp\/v2\/media?parent=2595"}],"curies":[{"name":"wp","href":"https:\/\/api.w.org\/{rel}","templated":true}]}}